{"id":1904,"date":"2016-05-03T13:59:13","date_gmt":"2016-05-03T13:59:13","guid":{"rendered":"https:\/\/itcreation-test.site\/nos-evenements\/"},"modified":"2026-02-07T12:10:14","modified_gmt":"2026-02-07T12:10:14","slug":"nos-evenements","status":"publish","type":"page","link":"https:\/\/aupairbelgium.be\/fr\/nos-evenements\/","title":{"rendered":"Nos \u00e9v\u00e9nements"},"content":{"rendered":"<section class=\"wpb-content-wrapper\"><p>[vc_row][vc_column][vc_column_text]<\/p>\n<h3>Du temps pour se rencontrer pendant nos \u00e9v\u00e9nements au pairs et de vivre un v\u00e9ritable \u00e9change culturel!<\/h3>\n<p>Quelques photos souvenirs d&rsquo;\u00e9v\u00e9nements au pairs inoubliables<br \/>\n[\/vc_column_text][\/vc_column][\/vc_row][vc_row][vc_column][vc_column_text]<\/p>\n<h4>Winter bowling &#8211; January 2026<\/h4>\n<p><img loading=\"lazy\" decoding=\"async\" class=\"alignnone size-medium wp-image-1923\" src=\"https:\/\/aupairbelgium.be\/wp-content\/uploads\/2026\/02\/winterbowling.png\" alt=\"\" width=\"671\" height=\"537\" \/><br \/>\n<img loading=\"lazy\" decoding=\"async\" class=\"alignnone size-medium wp-image-1923\" src=\"https:\/\/aupairbelgium.be\/wp-content\/uploads\/2026\/02\/winterbowling-2.png\" alt=\"\" width=\"671\" height=\"537\" \/>[\/vc_column_text][\/vc_column][\/vc_row][vc_row][vc_column][vc_column_text]<\/p>\n<h4>City Tour Brussels &#8211; September 2025<\/h4>\n<p><img loading=\"lazy\" decoding=\"async\" class=\"alignnone size-medium wp-image-1923\" src=\"https:\/\/aupairbelgium.be\/wp-content\/uploads\/2026\/02\/city-trip.png\" alt=\"\" width=\"671\" height=\"537\" \/>[\/vc_column_text][\/vc_column][\/vc_row][vc_row][vc_column][vc_column_text]<\/p>\n<h4>Early Summer Party &#8211; June 2025<\/h4>\n<p><img loading=\"lazy\" decoding=\"async\" class=\"alignnone size-medium wp-image-1923\" src=\"https:\/\/aupairbelgium.be\/wp-content\/uploads\/2025\/08\/summer-party.jpg\" alt=\"\" width=\"671\" height=\"537\" \/>[\/vc_column_text][\/vc_column][\/vc_row][vc_row][vc_column][vc_column_text]<\/p>\n<h4>Forest Walk November 2024<\/h4>\n<p><img loading=\"lazy\" decoding=\"async\" class=\"alignnone wp-image-1591\" src=\"https:\/\/aupairbelgium.be\/wp-content\/uploads\/2025\/02\/forest.jpg\" alt=\"\" width=\"671\" height=\"537\" \/><br \/>\n[\/vc_column_text][\/vc_column][\/vc_row][vc_row][vc_column][vc_column_text]<\/p>\n<h4>Bowling Septembre 2024<\/h4>\n<p><img loading=\"lazy\" decoding=\"async\" class=\"alignnone wp-image-1591\" src=\"https:\/\/aupairbelgium.be\/wp-content\/uploads\/2024\/11\/Collage-bowling-event-28-sept-2024_page-0001.jpg\" alt=\"\" width=\"671\" height=\"537\" \/>[\/vc_column_text][\/vc_column][\/vc_row][vc_row][vc_column][vc_column_text]<\/p>\n<h4>mars 2024<\/h4>\n<p><img loading=\"lazy\" decoding=\"async\" class=\"alignnone wp-image-1591\" src=\"https:\/\/aupairbelgium.be\/wp-content\/uploads\/2024\/03\/evenement.png\" alt=\"\" width=\"671\" height=\"537\" \/>[\/vc_column_text][\/vc_column][\/vc_row][vc_row][vc_column][vc_column_text]<\/p>\n<h4>Bowling &#8211; novembre 2023<\/h4>\n<p><img loading=\"lazy\" decoding=\"async\" class=\"alignnone wp-image-1591\" src=\"https:\/\/aupairbelgium.be\/wp-content\/uploads\/2024\/03\/au-pair-belgoium-evenements-03.webp\" alt=\"\" width=\"671\" height=\"537\" srcset=\"https:\/\/aupairbelgium.be\/wp-content\/uploads\/2024\/03\/au-pair-belgoium-evenements-03.webp 800w, https:\/\/aupairbelgium.be\/wp-content\/uploads\/2024\/03\/au-pair-belgoium-evenements-03-300x240.webp 300w, https:\/\/aupairbelgium.be\/wp-content\/uploads\/2024\/03\/au-pair-belgoium-evenements-03-768x614.webp 768w\" sizes=\"auto, (max-width: 671px) 100vw, 671px\" \/>[\/vc_column_text][\/vc_column][\/vc_row][vc_row][vc_column][vc_column_text]<\/p>\n<h4>City Walk Bruxelles &#8211; mai 2023<\/h4>\n<p><img loading=\"lazy\" decoding=\"async\" class=\"alignnone wp-image-1592\" src=\"https:\/\/aupairbelgium.be\/wp-content\/uploads\/2024\/03\/au-pair-belgoium-evenements-01.webp\" alt=\"\" width=\"673\" height=\"537\" srcset=\"https:\/\/aupairbelgium.be\/wp-content\/uploads\/2024\/03\/au-pair-belgoium-evenements-01.webp 800w, https:\/\/aupairbelgium.be\/wp-content\/uploads\/2024\/03\/au-pair-belgoium-evenements-01-300x240.webp 300w, https:\/\/aupairbelgium.be\/wp-content\/uploads\/2024\/03\/au-pair-belgoium-evenements-01-768x614.webp 768w\" sizes=\"auto, (max-width: 673px) 100vw, 673px\" \/><\/p>\n<p>[\/vc_column_text][\/vc_column][\/vc_row][vc_row][vc_column][vc_column_text]<\/p>\n<h4>City Walk Gand &#8211; Mars 2022<\/h4>\n<p><img loading=\"lazy\" decoding=\"async\" class=\"alignnone wp-image-1593\" src=\"https:\/\/aupairbelgium.be\/wp-content\/uploads\/2024\/03\/au-pair-belgium-evenements-04.webp\" alt=\"\" width=\"671\" height=\"537\" srcset=\"https:\/\/aupairbelgium.be\/wp-content\/uploads\/2024\/03\/au-pair-belgium-evenements-04.webp 800w, https:\/\/aupairbelgium.be\/wp-content\/uploads\/2024\/03\/au-pair-belgium-evenements-04-300x240.webp 300w, https:\/\/aupairbelgium.be\/wp-content\/uploads\/2024\/03\/au-pair-belgium-evenements-04-768x614.webp 768w\" sizes=\"auto, (max-width: 671px) 100vw, 671px\" \/>[\/vc_column_text][\/vc_column][\/vc_row][vc_row][vc_column][vc_column_text]<\/p>\n<h4>City Walk Bruxelles &#8211; Octobre 2021<\/h4>\n<p><img loading=\"lazy\" decoding=\"async\" class=\"alignnone size-medium wp-image-1594\" src=\"https:\/\/aupairbelgium.be\/wp-content\/uploads\/2024\/03\/au-pair-belgium-evenements-05.webp\" alt=\"\" width=\"671\" height=\"537\" srcset=\"https:\/\/aupairbelgium.be\/wp-content\/uploads\/2024\/03\/au-pair-belgium-evenements-05.webp 800w, https:\/\/aupairbelgium.be\/wp-content\/uploads\/2024\/03\/au-pair-belgium-evenements-05-300x240.webp 300w, https:\/\/aupairbelgium.be\/wp-content\/uploads\/2024\/03\/au-pair-belgium-evenements-05-768x614.webp 768w\" sizes=\"auto, (max-width: 671px) 100vw, 671px\" \/>[\/vc_column_text][\/vc_column][\/vc_row]<\/p>\n<\/section>","protected":false},"excerpt":{"rendered":"<p>[vc_row][vc_column][vc_column_text] Du temps pour se rencontrer pendant nos \u00e9v\u00e9nements au pairs et de vivre un v\u00e9ritable \u00e9change culturel! Quelques photos souvenirs d&rsquo;\u00e9v\u00e9nements au pairs inoubliables [\/vc_column_text][\/vc_column][\/vc_row][vc_row][vc_column][vc_column_text] Winter bowling &#8211; January 2026 [\/vc_column_text][\/vc_column][\/vc_row][vc_row][vc_column][vc_column_text] City Tour Brussels &#8211; September 2025 [\/vc_column_text][\/vc_column][\/vc_row][vc_row][vc_column][vc_column_text] Early Summer Party &#8211; June 2025 [\/vc_column_text][\/vc_column][\/vc_row][vc_row][vc_column][vc_column_text] Forest Walk November 2024 [\/vc_column_text][\/vc_column][\/vc_row][vc_row][vc_column][vc_column_text] Bowling Septembre 2024 [\/vc_column_text][\/vc_column][\/vc_row][vc_row][vc_column][vc_column_text][&hellip;]<\/p>\n","protected":false},"author":1,"featured_media":0,"parent":0,"menu_order":0,"comment_status":"closed","ping_status":"closed","template":"","meta":{"footnotes":""},"class_list":["post-1904","page","type-page","status-publish","hentry"],"yoast_head":"<!-- This site is optimized with the Yoast SEO plugin v25.2 - https:\/\/yoast.com\/wordpress\/plugins\/seo\/ -->\n<title>Nos \u00e9v\u00e9nements - Au Pair Belgium<\/title>\n<meta name=\"robots\" content=\"index, follow, max-snippet:-1, max-image-preview:large, max-video-preview:-1\" \/>\n<link rel=\"canonical\" href=\"https:\/\/aupairbelgium.be\/fr\/nos-evenements\/\" \/>\n<meta property=\"og:locale\" content=\"fr_FR\" \/>\n<meta property=\"og:type\" content=\"article\" \/>\n<meta property=\"og:title\" content=\"Nos \u00e9v\u00e9nements - Au Pair Belgium\" \/>\n<meta property=\"og:description\" content=\"[vc_row][vc_column][vc_column_text] Du temps pour se rencontrer pendant nos \u00e9v\u00e9nements au pairs et de vivre un v\u00e9ritable \u00e9change culturel! Quelques photos souvenirs d&rsquo;\u00e9v\u00e9nements au pairs inoubliables [\/vc_column_text][\/vc_column][\/vc_row][vc_row][vc_column][vc_column_text] Winter bowling &#8211; January 2026 [\/vc_column_text][\/vc_column][\/vc_row][vc_row][vc_column][vc_column_text] City Tour Brussels &#8211; September 2025 [\/vc_column_text][\/vc_column][\/vc_row][vc_row][vc_column][vc_column_text] Early Summer Party &#8211; June 2025 [\/vc_column_text][\/vc_column][\/vc_row][vc_row][vc_column][vc_column_text] Forest Walk November 2024 [\/vc_column_text][\/vc_column][\/vc_row][vc_row][vc_column][vc_column_text] Bowling Septembre 2024 [\/vc_column_text][\/vc_column][\/vc_row][vc_row][vc_column][vc_column_text] [&hellip;]\" \/>\n<meta property=\"og:url\" content=\"https:\/\/aupairbelgium.be\/fr\/nos-evenements\/\" \/>\n<meta property=\"og:site_name\" content=\"Au Pair Belgium\" \/>\n<meta property=\"article:publisher\" content=\"https:\/\/www.facebook.com\/profile.php?id=100032558066399\" \/>\n<meta property=\"article:modified_time\" content=\"2026-02-07T12:10:14+00:00\" \/>\n<meta property=\"og:image\" content=\"https:\/\/aupairbelgium.be\/wp-content\/uploads\/2025\/02\/forest.jpg\" \/>\n\t<meta property=\"og:image:width\" content=\"1200\" \/>\n\t<meta property=\"og:image:height\" content=\"960\" \/>\n\t<meta property=\"og:image:type\" content=\"image\/jpeg\" \/>\n<meta name=\"twitter:card\" content=\"summary_large_image\" \/>\n<meta name=\"twitter:label1\" content=\"Dur\u00e9e de lecture estim\u00e9e\" \/>\n\t<meta name=\"twitter:data1\" content=\"3 minutes\" \/>\n<script type=\"application\/ld+json\" class=\"yoast-schema-graph\">{\"@context\":\"https:\/\/schema.org\",\"@graph\":[{\"@type\":\"WebPage\",\"@id\":\"https:\/\/aupairbelgium.be\/fr\/nos-evenements\/\",\"url\":\"https:\/\/aupairbelgium.be\/fr\/nos-evenements\/\",\"name\":\"Nos \u00e9v\u00e9nements - Au Pair Belgium\",\"isPartOf\":{\"@id\":\"https:\/\/aupairbelgium.be\/fr\/#website\"},\"primaryImageOfPage\":{\"@id\":\"https:\/\/aupairbelgium.be\/fr\/nos-evenements\/#primaryimage\"},\"image\":{\"@id\":\"https:\/\/aupairbelgium.be\/fr\/nos-evenements\/#primaryimage\"},\"thumbnailUrl\":\"https:\/\/aupairbelgium.be\/wp-content\/uploads\/2026\/02\/winterbowling.png\",\"datePublished\":\"2016-05-03T13:59:13+00:00\",\"dateModified\":\"2026-02-07T12:10:14+00:00\",\"breadcrumb\":{\"@id\":\"https:\/\/aupairbelgium.be\/fr\/nos-evenements\/#breadcrumb\"},\"inLanguage\":\"fr-FR\",\"potentialAction\":[{\"@type\":\"ReadAction\",\"target\":[\"https:\/\/aupairbelgium.be\/fr\/nos-evenements\/\"]}]},{\"@type\":\"ImageObject\",\"inLanguage\":\"fr-FR\",\"@id\":\"https:\/\/aupairbelgium.be\/fr\/nos-evenements\/#primaryimage\",\"url\":\"https:\/\/aupairbelgium.be\/wp-content\/uploads\/2026\/02\/winterbowling.png\",\"contentUrl\":\"https:\/\/aupairbelgium.be\/wp-content\/uploads\/2026\/02\/winterbowling.png\"},{\"@type\":\"BreadcrumbList\",\"@id\":\"https:\/\/aupairbelgium.be\/fr\/nos-evenements\/#breadcrumb\",\"itemListElement\":[{\"@type\":\"ListItem\",\"position\":1,\"name\":\"Home\",\"item\":\"https:\/\/aupairbelgium.be\/fr\/\"},{\"@type\":\"ListItem\",\"position\":2,\"name\":\"Nos \u00e9v\u00e9nements\"}]},{\"@type\":\"WebSite\",\"@id\":\"https:\/\/aupairbelgium.be\/fr\/#website\",\"url\":\"https:\/\/aupairbelgium.be\/fr\/\",\"name\":\"Au Pair Belgium\",\"description\":\"\",\"publisher\":{\"@id\":\"https:\/\/aupairbelgium.be\/fr\/#organization\"},\"potentialAction\":[{\"@type\":\"SearchAction\",\"target\":{\"@type\":\"EntryPoint\",\"urlTemplate\":\"https:\/\/aupairbelgium.be\/fr\/?s={search_term_string}\"},\"query-input\":{\"@type\":\"PropertyValueSpecification\",\"valueRequired\":true,\"valueName\":\"search_term_string\"}}],\"inLanguage\":\"fr-FR\"},{\"@type\":\"Organization\",\"@id\":\"https:\/\/aupairbelgium.be\/fr\/#organization\",\"name\":\"Au Pair Belgium\",\"url\":\"https:\/\/aupairbelgium.be\/fr\/\",\"logo\":{\"@type\":\"ImageObject\",\"inLanguage\":\"fr-FR\",\"@id\":\"https:\/\/aupairbelgium.be\/fr\/#\/schema\/logo\/image\/\",\"url\":\"https:\/\/aupairbelgium.be\/wp-content\/uploads\/2024\/03\/aupair_belgium_horizontal.png\",\"contentUrl\":\"https:\/\/aupairbelgium.be\/wp-content\/uploads\/2024\/03\/aupair_belgium_horizontal.png\",\"width\":1772,\"height\":354,\"caption\":\"Au Pair Belgium\"},\"image\":{\"@id\":\"https:\/\/aupairbelgium.be\/fr\/#\/schema\/logo\/image\/\"},\"sameAs\":[\"https:\/\/www.facebook.com\/profile.php?id=100032558066399\",\"https:\/\/www.instagram.com\/au_pair_belgium\/\"]}]}<\/script>\n<!-- \/ Yoast SEO plugin. -->","yoast_head_json":{"title":"Nos \u00e9v\u00e9nements - Au Pair Belgium","robots":{"index":"index","follow":"follow","max-snippet":"max-snippet:-1","max-image-preview":"max-image-preview:large","max-video-preview":"max-video-preview:-1"},"canonical":"https:\/\/aupairbelgium.be\/fr\/nos-evenements\/","og_locale":"fr_FR","og_type":"article","og_title":"Nos \u00e9v\u00e9nements - Au Pair Belgium","og_description":"[vc_row][vc_column][vc_column_text] Du temps pour se rencontrer pendant nos \u00e9v\u00e9nements au pairs et de vivre un v\u00e9ritable \u00e9change culturel! Quelques photos souvenirs d&rsquo;\u00e9v\u00e9nements au pairs inoubliables [\/vc_column_text][\/vc_column][\/vc_row][vc_row][vc_column][vc_column_text] Winter bowling &#8211; January 2026 [\/vc_column_text][\/vc_column][\/vc_row][vc_row][vc_column][vc_column_text] City Tour Brussels &#8211; September 2025 [\/vc_column_text][\/vc_column][\/vc_row][vc_row][vc_column][vc_column_text] Early Summer Party &#8211; June 2025 [\/vc_column_text][\/vc_column][\/vc_row][vc_row][vc_column][vc_column_text] Forest Walk November 2024 [\/vc_column_text][\/vc_column][\/vc_row][vc_row][vc_column][vc_column_text] Bowling Septembre 2024 [\/vc_column_text][\/vc_column][\/vc_row][vc_row][vc_column][vc_column_text] [&hellip;]","og_url":"https:\/\/aupairbelgium.be\/fr\/nos-evenements\/","og_site_name":"Au Pair Belgium","article_publisher":"https:\/\/www.facebook.com\/profile.php?id=100032558066399","article_modified_time":"2026-02-07T12:10:14+00:00","og_image":[{"width":1200,"height":960,"url":"https:\/\/aupairbelgium.be\/wp-content\/uploads\/2025\/02\/forest.jpg","type":"image\/jpeg"}],"twitter_card":"summary_large_image","twitter_misc":{"Dur\u00e9e de lecture estim\u00e9e":"3 minutes"},"schema":{"@context":"https:\/\/schema.org","@graph":[{"@type":"WebPage","@id":"https:\/\/aupairbelgium.be\/fr\/nos-evenements\/","url":"https:\/\/aupairbelgium.be\/fr\/nos-evenements\/","name":"Nos \u00e9v\u00e9nements - Au Pair Belgium","isPartOf":{"@id":"https:\/\/aupairbelgium.be\/fr\/#website"},"primaryImageOfPage":{"@id":"https:\/\/aupairbelgium.be\/fr\/nos-evenements\/#primaryimage"},"image":{"@id":"https:\/\/aupairbelgium.be\/fr\/nos-evenements\/#primaryimage"},"thumbnailUrl":"https:\/\/aupairbelgium.be\/wp-content\/uploads\/2026\/02\/winterbowling.png","datePublished":"2016-05-03T13:59:13+00:00","dateModified":"2026-02-07T12:10:14+00:00","breadcrumb":{"@id":"https:\/\/aupairbelgium.be\/fr\/nos-evenements\/#breadcrumb"},"inLanguage":"fr-FR","potentialAction":[{"@type":"ReadAction","target":["https:\/\/aupairbelgium.be\/fr\/nos-evenements\/"]}]},{"@type":"ImageObject","inLanguage":"fr-FR","@id":"https:\/\/aupairbelgium.be\/fr\/nos-evenements\/#primaryimage","url":"https:\/\/aupairbelgium.be\/wp-content\/uploads\/2026\/02\/winterbowling.png","contentUrl":"https:\/\/aupairbelgium.be\/wp-content\/uploads\/2026\/02\/winterbowling.png"},{"@type":"BreadcrumbList","@id":"https:\/\/aupairbelgium.be\/fr\/nos-evenements\/#breadcrumb","itemListElement":[{"@type":"ListItem","position":1,"name":"Home","item":"https:\/\/aupairbelgium.be\/fr\/"},{"@type":"ListItem","position":2,"name":"Nos \u00e9v\u00e9nements"}]},{"@type":"WebSite","@id":"https:\/\/aupairbelgium.be\/fr\/#website","url":"https:\/\/aupairbelgium.be\/fr\/","name":"Au Pair Belgium","description":"","publisher":{"@id":"https:\/\/aupairbelgium.be\/fr\/#organization"},"potentialAction":[{"@type":"SearchAction","target":{"@type":"EntryPoint","urlTemplate":"https:\/\/aupairbelgium.be\/fr\/?s={search_term_string}"},"query-input":{"@type":"PropertyValueSpecification","valueRequired":true,"valueName":"search_term_string"}}],"inLanguage":"fr-FR"},{"@type":"Organization","@id":"https:\/\/aupairbelgium.be\/fr\/#organization","name":"Au Pair Belgium","url":"https:\/\/aupairbelgium.be\/fr\/","logo":{"@type":"ImageObject","inLanguage":"fr-FR","@id":"https:\/\/aupairbelgium.be\/fr\/#\/schema\/logo\/image\/","url":"https:\/\/aupairbelgium.be\/wp-content\/uploads\/2024\/03\/aupair_belgium_horizontal.png","contentUrl":"https:\/\/aupairbelgium.be\/wp-content\/uploads\/2024\/03\/aupair_belgium_horizontal.png","width":1772,"height":354,"caption":"Au Pair Belgium"},"image":{"@id":"https:\/\/aupairbelgium.be\/fr\/#\/schema\/logo\/image\/"},"sameAs":["https:\/\/www.facebook.com\/profile.php?id=100032558066399","https:\/\/www.instagram.com\/au_pair_belgium\/"]}]}},"_links":{"self":[{"href":"https:\/\/aupairbelgium.be\/fr\/wp-json\/wp\/v2\/pages\/1904","targetHints":{"allow":["GET"]}}],"collection":[{"href":"https:\/\/aupairbelgium.be\/fr\/wp-json\/wp\/v2\/pages"}],"about":[{"href":"https:\/\/aupairbelgium.be\/fr\/wp-json\/wp\/v2\/types\/page"}],"author":[{"embeddable":true,"href":"https:\/\/aupairbelgium.be\/fr\/wp-json\/wp\/v2\/users\/1"}],"replies":[{"embeddable":true,"href":"https:\/\/aupairbelgium.be\/fr\/wp-json\/wp\/v2\/comments?post=1904"}],"version-history":[{"count":6,"href":"https:\/\/aupairbelgium.be\/fr\/wp-json\/wp\/v2\/pages\/1904\/revisions"}],"predecessor-version":[{"id":2001,"href":"https:\/\/aupairbelgium.be\/fr\/wp-json\/wp\/v2\/pages\/1904\/revisions\/2001"}],"wp:attachment":[{"href":"https:\/\/aupairbelgium.be\/fr\/wp-json\/wp\/v2\/media?parent=1904"}],"curies":[{"name":"wp","href":"https:\/\/api.w.org\/{rel}","templated":true}]}}