{"id":1845,"date":"2024-03-23T13:44:41","date_gmt":"2024-03-23T13:44:41","guid":{"rendered":"https:\/\/itcreation-test.site\/au-pair-worden\/"},"modified":"2026-04-03T10:38:34","modified_gmt":"2026-04-03T10:38:34","slug":"devenir-au-pair","status":"publish","type":"page","link":"https:\/\/aupairbelgium.be\/fr\/devenir-au-pair\/","title":{"rendered":"Devenir au pair"},"content":{"rendered":"<section class=\"wpb-content-wrapper\"><p>[vc_row][vc_column css=\u00a0\u00bb.vc_custom_1775212659089{margin-top: -60px !important;}\u00a0\u00bb]<div class=\"sc_section margin_top_small margin_right_tiny margin_bottom_small margin_left_tiny\"><div class=\"sc_section_inner\"><h2 class=\"sc_section_title sc_item_title\">Devenir au pair<\/h2><h6 class=\"sc_section_subtitle sc_item_subtitle\">Vous souhaitez devenir au pair en Belgique ?<\/h6><div class=\"sc_section_descr sc_item_descr\">Tu as entre 18 et 26 ans et tu souhaites devenir jeune fille au pair en Belgique.<\/p>\n<p>Tu r\u00eaves de voyager, d\u00e9couvrir une autre culture et apprendre une autre langue.<\/p>\n<p>Tu souhaites trouver la famille d\u2019accueil parfaite pour r\u00e9aliser ce r\u00eave.<\/p>\n<p>Au Pair Belgium peut assister chaque candidate au pair. Nous te pr\u00e9senterons \u00e0 plusieurs familles afin d\u2019assurer que tu trouves la famille parfaite pour toi.<\/p>\n<p>Apr\u00e8s ton arriv\u00e9e, nous t\u2019inviterons \u00e0 nos \u00e9v\u00e9nements au pair et tu deviendras membre de notre club d\u2019au pairs.<\/div><div class=\"sc_section_content_wrap\">[vc_column_text]<\/p>\n<h6 class=\"sc_section_subtitle sc_item_subtitle\">Quelles t\u00e2ches a une jeune fille au pair?<\/h6>\n<p>[\/vc_column_text]<div class=\"columns_wrap sc_columns columns_nofluid sc_columns_count_6 margin_top_medium margin_bottom_medium\"><div class=\"column-2_6 sc_column_item sc_column_item_1 odd first span_2\"><ul class=\"sc_list sc_list_style_iconed icon_bg_color\"><li class=\"sc_list_item odd first\" title=\"D\u00e9poser les enfants \u00e0 l\u2019\u00e9cole et aller les chercher\"><span class=\"sc_list_icon icon-check-mark-apa\"><\/span>D\u00e9poser les enfants \u00e0 l\u2019\u00e9cole et aller les chercher<\/li><li class=\"sc_list_item even\" title=\"Pr\u00e9parer la bo\u00eete \u00e0 tartines\"><span class=\"sc_list_icon icon-check-mark-apa\"><\/span>Pr\u00e9parer la bo\u00eete \u00e0 tartines<\/li><li class=\"sc_list_item odd\" title=\"Aider avec le petit-d\u00e9jeuner\"><span class=\"sc_list_icon icon-check-mark-apa\"><\/span>Aider avec le petit-d\u00e9jeuner<\/li><li class=\"sc_list_item even\" title=\"Cuisiner un repas simple\"><span class=\"sc_list_icon icon-check-mark-apa\"><\/span>Cuisiner un repas simple<\/li><li class=\"sc_list_item odd\" title=\"Babysitting le soir\"><span class=\"sc_list_icon icon-check-mark-apa\"><\/span>Babysitting le soir<\/li><\/ul><\/div><div class=\"column-1_6 sc_column_item sc_column_item_3 odd after_span_2\"><\/div><div class=\"column-2_6 sc_column_item sc_column_item_4 even span_2\"><ul class=\"sc_list sc_list_style_iconed icon_bg_color\"><li class=\"sc_list_item odd first\" title=\"Faire le linge\"><span class=\"sc_list_icon icon-check-mark-apa\"><\/span>Faire le linge<\/li><li class=\"sc_list_item even\" title=\"Repasser les v\u00eatements des enfants\"><span class=\"sc_list_icon icon-check-mark-apa\"><\/span>Repasser les v\u00eatements des enfants<\/li><li class=\"sc_list_item odd\" title=\"Vider le lave-vaisselle\"><span class=\"sc_list_icon icon-check-mark-apa\"><\/span>Vider le lave-vaisselle<\/li><li class=\"sc_list_item even\" title=\"Mettre la table\"><span class=\"sc_list_icon icon-check-mark-apa\"><\/span>Mettre la table<\/li><li class=\"sc_list_item odd\" title=\"Faire les courses journali\u00e8res\"><span class=\"sc_list_icon icon-check-mark-apa\"><\/span>Faire les courses journali\u00e8res<\/li><\/ul><\/div><div class=\"column-1_6 sc_column_item sc_column_item_6 even after_span_2\"><\/div><\/div>[vc_column_text]La famille d\u2019accueil et l\u2019au pair trouvent un accord sur les t\u00e2ches de l\u2019au pair et r\u00e9digent ensemble un horaire de travail qui convient aux 2 parties.<\/p>\n<p>Chaque au pair peut travailler maximum 4 heures par jour et maximum 20 heures par semaine.<\/p>\n<p>La jeune fille au pair peut s\u2019occuper des enfants et avoir des t\u00e2ches l\u00e9g\u00e8res m\u00e9nag\u00e8res.<\/p>\n<p>En \u00e9change de ses t\u00e2ches, l\u2019au pair gagne minimum 450\u20ac d\u2019argent de poche par mois.[\/vc_column_text]<\/div><div class=\"sc_section_button sc_item_button\"><a href=\"\/fr\/formulaire-de-demande-pour-au-pair\/\" class=\"sc_button sc_button_square sc_button_style_filled sc_button_bg_style_gradient sc_button_size_medium  sc_button_iconed icon-right\">Devenir Au pair<\/a><\/div><\/div><\/div>[vc_empty_space height=\u00a0\u00bb5px\u00a0\u00bb][\/vc_column][\/vc_row][vc_row full_width=\u00a0\u00bbstretch_row\u00a0\u00bb css=\u00a0\u00bb.vc_custom_1711536068401{background-color: #5e2f89 !important;background-position: center !important;background-repeat: no-repeat !important;background-size: cover !important;}\u00a0\u00bb][vc_column]<div id=\"sc_services_1002921457_wrap\" class=\"sc_services_wrap scheme_light\"><div id=\"sc_services_1002921457\" class=\"sc_services sc_services_style_services-3 sc_services_type_icons  margin_top_huge margin_bottom_huge\" style=\"width:100%;\"><h2 class=\"sc_services_title sc_item_title\">Comment devenir au pair?<\/h2><div class=\"sc_columns columns_wrap\"><div class=\"column-1_4 column_padding_bottom\">\t\t\t<div id=\"sc_services_1002921457_1\"\t\t\t\tclass=\"sc_services_item sc_services_item_1 odd first\"\n\t\t\t\t>\n\t\t\t\t<a href=\"https:\/\/aupairbelgium.be\/fr\/services\/inscription\/\"><span class=\"sc_icon icon-pencil-light\"><\/span><h4 class=\"sc_services_item_title\">Inscription<\/h4><\/a>\t\t\t<\/div>\n\t\t<\/div><div class=\"column-1_4 column_padding_bottom\">\t\t\t<div id=\"sc_services_1002921457_2\"\t\t\t\tclass=\"sc_services_item sc_services_item_2 even\"\n\t\t\t\t>\n\t\t\t\t<a href=\"https:\/\/aupairbelgium.be\/fr\/services\/interview\/\"><span class=\"sc_icon icon-users\"><\/span><h4 class=\"sc_services_item_title\">Interview<\/h4><\/a>\t\t\t<\/div>\n\t\t<\/div><div class=\"column-1_4 column_padding_bottom\">\t\t\t<div id=\"sc_services_1002921457_3\"\t\t\t\tclass=\"sc_services_item sc_services_item_3 odd\"\n\t\t\t\t>\n\t\t\t\t<a href=\"https:\/\/aupairbelgium.be\/fr\/services\/chercher-une-famille-daccueil\/\"><span class=\"sc_icon icon-search\"><\/span><h4 class=\"sc_services_item_title\">Chercher une famille d\u2019accueil<\/h4><\/a>\t\t\t<\/div>\n\t\t<\/div><div class=\"column-1_4 column_padding_bottom\">\t\t\t<div id=\"sc_services_1002921457_4\"\t\t\t\tclass=\"sc_services_item sc_services_item_4 even\"\n\t\t\t\t>\n\t\t\t\t<a href=\"https:\/\/aupairbelgium.be\/fr\/services\/match\/\"><span class=\"sc_icon icon-checkbox\"><\/span><h4 class=\"sc_services_item_title\">Match<\/h4><\/a>\t\t\t<\/div>\n\t\t<\/div><\/div><div class=\"sc_services_button sc_item_button\"><a href=\"\/fr\/formulaire-de-demande-pour-au-pair\/\" class=\"sc_button sc_button_square sc_button_style_filled sc_button_bg_style_dark sc_button_size_medium\">Inscription<\/a><\/div><\/div><!-- \/.sc_services --><\/div><!-- \/.sc_services_wrap -->[\/vc_column][\/vc_row]<\/p>\n<\/section>","protected":false},"excerpt":{"rendered":"<p>[vc_row][vc_column css=\u00a0\u00bb.vc_custom_1775212659089{margin-top: -60px !important;}\u00a0\u00bb][vc_empty_space height=\u00a0\u00bb5px\u00a0\u00bb][\/vc_column][\/vc_row][vc_row full_width=\u00a0\u00bbstretch_row\u00a0\u00bb css=\u00a0\u00bb.vc_custom_1711536068401{background-color: #5e2f89 !important;background-position: center !important;background-repeat: no-repeat !important;background-size: cover !important;}\u00a0\u00bb][vc_column][\/vc_column][\/vc_row]<\/p>\n","protected":false},"author":1,"featured_media":0,"parent":0,"menu_order":0,"comment_status":"closed","ping_status":"closed","template":"","meta":{"footnotes":""},"class_list":["post-1845","page","type-page","status-publish","hentry"],"yoast_head":"<!-- This site is optimized with the Yoast SEO plugin v25.2 - https:\/\/yoast.com\/wordpress\/plugins\/seo\/ -->\n<title>Devenir au pair - Au Pair Belgium<\/title>\n<meta name=\"robots\" content=\"index, follow, max-snippet:-1, max-image-preview:large, max-video-preview:-1\" \/>\n<link rel=\"canonical\" href=\"https:\/\/aupairbelgium.be\/fr\/devenir-au-pair\/\" \/>\n<meta property=\"og:locale\" content=\"fr_FR\" \/>\n<meta property=\"og:type\" content=\"article\" \/>\n<meta property=\"og:title\" content=\"Devenir au pair - Au Pair Belgium\" \/>\n<meta property=\"og:description\" content=\"[vc_row][vc_column css=\u00a0\u00bb.vc_custom_1775212659089{margin-top: -60px !important;}\u00a0\u00bb][vc_empty_space height=\u00a0\u00bb5px\u00a0\u00bb][\/vc_column][\/vc_row][vc_row full_width=\u00a0\u00bbstretch_row\u00a0\u00bb css=\u00a0\u00bb.vc_custom_1711536068401{background-color: #5e2f89 !important;background-position: center !important;background-repeat: no-repeat !important;background-size: cover !important;}\u00a0\u00bb][vc_column][\/vc_column][\/vc_row]\" \/>\n<meta property=\"og:url\" content=\"https:\/\/aupairbelgium.be\/fr\/devenir-au-pair\/\" \/>\n<meta property=\"og:site_name\" content=\"Au Pair Belgium\" \/>\n<meta property=\"article:publisher\" content=\"https:\/\/www.facebook.com\/profile.php?id=100032558066399\" \/>\n<meta property=\"article:modified_time\" content=\"2026-04-03T10:38:34+00:00\" \/>\n<meta name=\"twitter:card\" content=\"summary_large_image\" \/>\n<meta name=\"twitter:label1\" content=\"Dur\u00e9e de lecture estim\u00e9e\" \/>\n\t<meta name=\"twitter:data1\" content=\"2 minutes\" \/>\n<script type=\"application\/ld+json\" class=\"yoast-schema-graph\">{\"@context\":\"https:\/\/schema.org\",\"@graph\":[{\"@type\":\"WebPage\",\"@id\":\"https:\/\/aupairbelgium.be\/fr\/devenir-au-pair\/\",\"url\":\"https:\/\/aupairbelgium.be\/fr\/devenir-au-pair\/\",\"name\":\"Devenir au pair - Au Pair Belgium\",\"isPartOf\":{\"@id\":\"https:\/\/aupairbelgium.be\/fr\/#website\"},\"datePublished\":\"2024-03-23T13:44:41+00:00\",\"dateModified\":\"2026-04-03T10:38:34+00:00\",\"breadcrumb\":{\"@id\":\"https:\/\/aupairbelgium.be\/fr\/devenir-au-pair\/#breadcrumb\"},\"inLanguage\":\"fr-FR\",\"potentialAction\":[{\"@type\":\"ReadAction\",\"target\":[\"https:\/\/aupairbelgium.be\/fr\/devenir-au-pair\/\"]}]},{\"@type\":\"BreadcrumbList\",\"@id\":\"https:\/\/aupairbelgium.be\/fr\/devenir-au-pair\/#breadcrumb\",\"itemListElement\":[{\"@type\":\"ListItem\",\"position\":1,\"name\":\"Home\",\"item\":\"https:\/\/aupairbelgium.be\/fr\/\"},{\"@type\":\"ListItem\",\"position\":2,\"name\":\"Devenir au pair\"}]},{\"@type\":\"WebSite\",\"@id\":\"https:\/\/aupairbelgium.be\/fr\/#website\",\"url\":\"https:\/\/aupairbelgium.be\/fr\/\",\"name\":\"Au Pair Belgium\",\"description\":\"\",\"publisher\":{\"@id\":\"https:\/\/aupairbelgium.be\/fr\/#organization\"},\"potentialAction\":[{\"@type\":\"SearchAction\",\"target\":{\"@type\":\"EntryPoint\",\"urlTemplate\":\"https:\/\/aupairbelgium.be\/fr\/?s={search_term_string}\"},\"query-input\":{\"@type\":\"PropertyValueSpecification\",\"valueRequired\":true,\"valueName\":\"search_term_string\"}}],\"inLanguage\":\"fr-FR\"},{\"@type\":\"Organization\",\"@id\":\"https:\/\/aupairbelgium.be\/fr\/#organization\",\"name\":\"Au Pair Belgium\",\"url\":\"https:\/\/aupairbelgium.be\/fr\/\",\"logo\":{\"@type\":\"ImageObject\",\"inLanguage\":\"fr-FR\",\"@id\":\"https:\/\/aupairbelgium.be\/fr\/#\/schema\/logo\/image\/\",\"url\":\"https:\/\/aupairbelgium.be\/wp-content\/uploads\/2024\/03\/aupair_belgium_horizontal.png\",\"contentUrl\":\"https:\/\/aupairbelgium.be\/wp-content\/uploads\/2024\/03\/aupair_belgium_horizontal.png\",\"width\":1772,\"height\":354,\"caption\":\"Au Pair Belgium\"},\"image\":{\"@id\":\"https:\/\/aupairbelgium.be\/fr\/#\/schema\/logo\/image\/\"},\"sameAs\":[\"https:\/\/www.facebook.com\/profile.php?id=100032558066399\",\"https:\/\/www.instagram.com\/au_pair_belgium\/\"]}]}<\/script>\n<!-- \/ Yoast SEO plugin. -->","yoast_head_json":{"title":"Devenir au pair - Au Pair Belgium","robots":{"index":"index","follow":"follow","max-snippet":"max-snippet:-1","max-image-preview":"max-image-preview:large","max-video-preview":"max-video-preview:-1"},"canonical":"https:\/\/aupairbelgium.be\/fr\/devenir-au-pair\/","og_locale":"fr_FR","og_type":"article","og_title":"Devenir au pair - Au Pair Belgium","og_description":"[vc_row][vc_column css=\u00a0\u00bb.vc_custom_1775212659089{margin-top: -60px !important;}\u00a0\u00bb][vc_empty_space height=\u00a0\u00bb5px\u00a0\u00bb][\/vc_column][\/vc_row][vc_row full_width=\u00a0\u00bbstretch_row\u00a0\u00bb css=\u00a0\u00bb.vc_custom_1711536068401{background-color: #5e2f89 !important;background-position: center !important;background-repeat: no-repeat !important;background-size: cover !important;}\u00a0\u00bb][vc_column][\/vc_column][\/vc_row]","og_url":"https:\/\/aupairbelgium.be\/fr\/devenir-au-pair\/","og_site_name":"Au Pair Belgium","article_publisher":"https:\/\/www.facebook.com\/profile.php?id=100032558066399","article_modified_time":"2026-04-03T10:38:34+00:00","twitter_card":"summary_large_image","twitter_misc":{"Dur\u00e9e de lecture estim\u00e9e":"2 minutes"},"schema":{"@context":"https:\/\/schema.org","@graph":[{"@type":"WebPage","@id":"https:\/\/aupairbelgium.be\/fr\/devenir-au-pair\/","url":"https:\/\/aupairbelgium.be\/fr\/devenir-au-pair\/","name":"Devenir au pair - Au Pair Belgium","isPartOf":{"@id":"https:\/\/aupairbelgium.be\/fr\/#website"},"datePublished":"2024-03-23T13:44:41+00:00","dateModified":"2026-04-03T10:38:34+00:00","breadcrumb":{"@id":"https:\/\/aupairbelgium.be\/fr\/devenir-au-pair\/#breadcrumb"},"inLanguage":"fr-FR","potentialAction":[{"@type":"ReadAction","target":["https:\/\/aupairbelgium.be\/fr\/devenir-au-pair\/"]}]},{"@type":"BreadcrumbList","@id":"https:\/\/aupairbelgium.be\/fr\/devenir-au-pair\/#breadcrumb","itemListElement":[{"@type":"ListItem","position":1,"name":"Home","item":"https:\/\/aupairbelgium.be\/fr\/"},{"@type":"ListItem","position":2,"name":"Devenir au pair"}]},{"@type":"WebSite","@id":"https:\/\/aupairbelgium.be\/fr\/#website","url":"https:\/\/aupairbelgium.be\/fr\/","name":"Au Pair Belgium","description":"","publisher":{"@id":"https:\/\/aupairbelgium.be\/fr\/#organization"},"potentialAction":[{"@type":"SearchAction","target":{"@type":"EntryPoint","urlTemplate":"https:\/\/aupairbelgium.be\/fr\/?s={search_term_string}"},"query-input":{"@type":"PropertyValueSpecification","valueRequired":true,"valueName":"search_term_string"}}],"inLanguage":"fr-FR"},{"@type":"Organization","@id":"https:\/\/aupairbelgium.be\/fr\/#organization","name":"Au Pair Belgium","url":"https:\/\/aupairbelgium.be\/fr\/","logo":{"@type":"ImageObject","inLanguage":"fr-FR","@id":"https:\/\/aupairbelgium.be\/fr\/#\/schema\/logo\/image\/","url":"https:\/\/aupairbelgium.be\/wp-content\/uploads\/2024\/03\/aupair_belgium_horizontal.png","contentUrl":"https:\/\/aupairbelgium.be\/wp-content\/uploads\/2024\/03\/aupair_belgium_horizontal.png","width":1772,"height":354,"caption":"Au Pair Belgium"},"image":{"@id":"https:\/\/aupairbelgium.be\/fr\/#\/schema\/logo\/image\/"},"sameAs":["https:\/\/www.facebook.com\/profile.php?id=100032558066399","https:\/\/www.instagram.com\/au_pair_belgium\/"]}]}},"_links":{"self":[{"href":"https:\/\/aupairbelgium.be\/fr\/wp-json\/wp\/v2\/pages\/1845","targetHints":{"allow":["GET"]}}],"collection":[{"href":"https:\/\/aupairbelgium.be\/fr\/wp-json\/wp\/v2\/pages"}],"about":[{"href":"https:\/\/aupairbelgium.be\/fr\/wp-json\/wp\/v2\/types\/page"}],"author":[{"embeddable":true,"href":"https:\/\/aupairbelgium.be\/fr\/wp-json\/wp\/v2\/users\/1"}],"replies":[{"embeddable":true,"href":"https:\/\/aupairbelgium.be\/fr\/wp-json\/wp\/v2\/comments?post=1845"}],"version-history":[{"count":12,"href":"https:\/\/aupairbelgium.be\/fr\/wp-json\/wp\/v2\/pages\/1845\/revisions"}],"predecessor-version":[{"id":2064,"href":"https:\/\/aupairbelgium.be\/fr\/wp-json\/wp\/v2\/pages\/1845\/revisions\/2064"}],"wp:attachment":[{"href":"https:\/\/aupairbelgium.be\/fr\/wp-json\/wp\/v2\/media?parent=1845"}],"curies":[{"name":"wp","href":"https:\/\/api.w.org\/{rel}","templated":true}]}}