{"id":1818,"date":"2024-03-23T14:06:18","date_gmt":"2024-03-23T14:06:18","guid":{"rendered":"https:\/\/itcreation-test.site\/host-family\/"},"modified":"2026-04-03T10:50:29","modified_gmt":"2026-04-03T10:50:29","slug":"famille-daccueil","status":"publish","type":"page","link":"https:\/\/aupairbelgium.be\/fr\/famille-daccueil\/","title":{"rendered":"Famille d\u2019accueil"},"content":{"rendered":"<section class=\"wpb-content-wrapper\"><p>[vc_row][vc_column css=\u00a0\u00bb.vc_custom_1775213426461{margin-top: -60px !important;}\u00a0\u00bb][vc_empty_space height=\u00a0\u00bb18px\u00a0\u00bb]<div class=\"sc_section margin_top_tiny margin_right_small margin_bottom_tiny margin_left_small\"><div class=\"sc_section_inner\"><h2 class=\"sc_section_title sc_item_title\">Famille d\u2019accueil<\/h2><h6 class=\"sc_section_subtitle sc_item_subtitle\">Qui peut devenir famille d\u2019accueil?<\/h6><div class=\"sc_section_descr sc_item_descr\">Afin de devenir famille d\u2019accueil, la famille doit avoir au moins un enfant en-dessous de 13 ans et \u00eatre l\u00e9galement domicili\u00e9e en Belgique.<\/p>\n<p>La famille doit \u00eatre ouverte \u00e0 d\u2019autres cultures, \u00e0 l\u2019int\u00e9gration et au dialogue et offrir un environnement chaleureux pour la jeune fille au pair.<\/div><div class=\"sc_section_content_wrap\"><div class=\"columns_wrap sc_columns columns_nofluid sc_columns_count_1 margin_top_medium margin_bottom_medium\"><div class=\"column-1_1 sc_column_item sc_column_item_1 odd first\">[vc_column_text css=\u00a0\u00bb.vc_custom_1725717379847{margin-bottom: 10px !important;}\u00a0\u00bb]<\/p>\n<h6 class=\"sc_section_subtitle sc_item_subtitle\" style=\"text-align: left;\">Conditions pour la famille d\u2019accueil?<\/h6>\n<p>[\/vc_column_text]<ul class=\"sc_list sc_list_style_iconed icon_bg_color\"><li class=\"sc_list_item odd first\" title=\"Mettre une chambre individuelle \u00e0 la disposition de la jeune fille au pair,\"><span class=\"sc_list_icon icon-check-mark-apa\"><\/span>Mettre une chambre individuelle \u00e0 la disposition de la jeune fille au pair,<\/li><li class=\"sc_list_item even\" title=\"Donner libre acc\u00e8s \u00e0 la maison, confier les clefs ainsi que loger et nourrir la jeune fille au pair,\"><span class=\"sc_list_icon icon-check-mark-apa\"><\/span>Donner libre acc\u00e8s \u00e0 la maison, confier les clefs ainsi que loger et nourrir la jeune fille au pair,<\/li><li class=\"sc_list_item odd\" title=\"Soutenir la jeune fille au pair \u00e0 des cours de langues (fran\u00e7ais, n\u00e9erlandais ou allemand),\"><span class=\"sc_list_icon icon-check-mark-apa\"><\/span>Soutenir la jeune fille au pair \u00e0 des cours de langues (fran\u00e7ais, n\u00e9erlandais ou allemand),<\/li><li class=\"sc_list_item even\" title=\"Souscrire \u00e0 une assurance m\u00e9dicale qui couvre les frais de maladie, hospitalisation et rapatriement,\"><span class=\"sc_list_icon icon-check-mark-apa\"><\/span>Souscrire \u00e0 une assurance m\u00e9dicale qui couvre les frais de maladie, hospitalisation et rapatriement,<\/li><li class=\"sc_list_item odd\" title=\"Verser mensuellement un montant d\u2019au moins 450\u20ac \u00e0 titre d\u2019argent de poche sur le compte bancaire de la jeune fille au pair. Cette somme est exempt\u00e9e de cotisations sociales parce que l\u2019ONSS consid\u00e8re qu\u2019une jeune fille pair ne travaille pas sous l\u2019autorit\u00e9 patronale. Les conditions du contrat de placement doivent \u00eatre parfaitement respect\u00e9es afin de b\u00e9n\u00e9ficier de cette exemption,\"><span class=\"sc_list_icon icon-check-mark-apa\"><\/span>Verser mensuellement un montant d\u2019au moins 450\u20ac \u00e0 titre d\u2019argent de poche sur le compte bancaire de la jeune fille au pair. Cette somme est exempt\u00e9e de cotisations sociales parce que l\u2019ONSS consid\u00e8re qu\u2019une jeune fille pair ne travaille pas sous l\u2019autorit\u00e9 patronale. Les conditions du contrat de placement doivent \u00eatre parfaitement respect\u00e9es afin de b\u00e9n\u00e9ficier de cette exemption,<\/li><li class=\"sc_list_item even\" title=\"Octroyer \u00e0 la jeune fille au pair au moins 1 jour de libre par semaine, au moins 1 week-end complet libre par mois, et au moins 1 semaine compl\u00e8te par 6 mois de s\u00e9jour.\"><span class=\"sc_list_icon icon-check-mark-apa\"><\/span>Octroyer \u00e0 la jeune fille au pair au moins 1 jour de libre par semaine, au moins 1 week-end complet libre par mois, et au moins 1 semaine compl\u00e8te par 6 mois de s\u00e9jour.<\/li><\/ul><\/div><div class=\"column-1_1 sc_column_item sc_column_item_2 even\">[vc_column_text css=\u00a0\u00bb.vc_custom_1725717461913{margin-bottom: 10px !important;}\u00a0\u00bb]<\/p>\n<h6 class=\"sc_section_subtitle sc_item_subtitle\" style=\"text-align: left;\">Quelles sont les t\u00e2ches d\u2019une jeune fille au pair ?<\/h6>\n<p>[\/vc_column_text]<ul class=\"sc_list sc_list_style_iconed icon_bg_color\"><li class=\"sc_list_item odd first\" title=\"D\u00e9poser et aller chercher les enfants \u00e0 l\u2019\u00e9cole ou \u00e0 la garderie,\"><span class=\"sc_list_icon icon-check-mark-apa\"><\/span>D\u00e9poser et aller chercher les enfants \u00e0 l\u2019\u00e9cole ou \u00e0 la garderie,<\/li><li class=\"sc_list_item even\" title=\"Faire la bo\u00eete \u00e0 tartines,\"><span class=\"sc_list_icon icon-check-mark-apa\"><\/span>Faire la bo\u00eete \u00e0 tartines,<\/li><li class=\"sc_list_item odd\" title=\"Aider les enfants \u00e0 prendre le bain et s\u2019habiller,\"><span class=\"sc_list_icon icon-check-mark-apa\"><\/span>Aider les enfants \u00e0 prendre le bain et s\u2019habiller,<\/li><li class=\"sc_list_item even\" title=\"Faire du baby-sitting,\"><span class=\"sc_list_icon icon-check-mark-apa\"><\/span>Faire du baby-sitting,<\/li><li class=\"sc_list_item odd\" title=\"Ranger la chambre des enfants et faire le lit des enfants,\"><span class=\"sc_list_icon icon-check-mark-apa\"><\/span>Ranger la chambre des enfants et faire le lit des enfants,<\/li><li class=\"sc_list_item even\" title=\"Aider \u00e0 ranger la chambre des enfants,\"><span class=\"sc_list_icon icon-check-mark-apa\"><\/span>Aider \u00e0 ranger la chambre des enfants,<\/li><li class=\"sc_list_item odd\" title=\"Aider \u00e0 cuisiner,\"><span class=\"sc_list_icon icon-check-mark-apa\"><\/span>Aider \u00e0 cuisiner,<\/li><li class=\"sc_list_item even\" title=\"Mettre la table,\"><span class=\"sc_list_icon icon-check-mark-apa\"><\/span>Mettre la table,<\/li><li class=\"sc_list_item odd\" title=\"Vider le lave-vaisselle,\"><span class=\"sc_list_icon icon-check-mark-apa\"><\/span>Vider le lave-vaisselle,<\/li><li class=\"sc_list_item even\" title=\"Ranger la cuisine apr\u00e8s le repas,\"><span class=\"sc_list_icon icon-check-mark-apa\"><\/span>Ranger la cuisine apr\u00e8s le repas,<\/li><li class=\"sc_list_item odd\" title=\"Repasser et ranger les v\u00eatements des enfants,\"><span class=\"sc_list_icon icon-check-mark-apa\"><\/span>Repasser et ranger les v\u00eatements des enfants,<\/li><li class=\"sc_list_item even\" title=\"Faire les courses quotidiennes,\u2026\"><span class=\"sc_list_icon icon-check-mark-apa\"><\/span>Faire les courses quotidiennes,\u2026<\/li><\/ul><\/div><\/div><\/div><\/div><\/div>[vc_column_text css=\u00a0\u00bb.vc_custom_1725717834355{margin-top: -35px !important;}\u00a0\u00bb]La jeune fille au pair peut s\u2019occuper \u00e9galement d\u2019autres t\u00e2ches m\u00e9nag\u00e8res l\u00e9g\u00e8res comme convenu avec sa famille d\u2019accueil.<\/p>\n<p>Une au pair ne peut que travailler\u00a0<strong>4 heures par jour et 20 heures maximum par semaine.<\/strong>[\/vc_column_text][vc_empty_space height=\u00a0\u00bb5px\u00a0\u00bb][vc_raw_html]JTNDZGl2JTIwY2xhc3MlM0QlMjJzY19zZWN0aW9uX2J1dHRvbiUyMHNjX2l0ZW1fYnV0dG9uJTIyJTNFJTNDYSUyMGhyZWYlM0QlMjIlMkZmciUyRmZvcm11bGFpcmUtZGluc2NyaXB0aW9uLXBvdXItZmFtaWxsZS1kYWNjdWVpbCUyRiUyMiUyMGNsYXNzJTNEJTIyc2NfYnV0dG9uJTIwc2NfYnV0dG9uX3NxdWFyZSUyMHNjX2J1dHRvbl9zdHlsZV9maWxsZWQlMjBzY19idXR0b25fYmdfc3R5bGVfZ3JhZGllbnQlMjBzY19idXR0b25fc2l6ZV9tZWRpdW0lMjAlMjBzY19idXR0b25faWNvbmVkJTIwaWNvbi1yaWdodCUyMiUzRUlOU0NSSVBUSU9OJTIwQ09NTUUlMjBGQU1JTExFJTIwRCVFMiU4MCU5OUFDQ1VFSUwlM0MlMkZhJTNFJTNDJTJGZGl2JTNF[\/vc_raw_html][\/vc_column][\/vc_row][vc_row][vc_column][\/vc_column][\/vc_row]<\/p>\n<\/section>","protected":false},"excerpt":{"rendered":"<p>[vc_row][vc_column css=\u00a0\u00bb.vc_custom_1775213426461{margin-top: -60px !important;}\u00a0\u00bb][vc_empty_space height=\u00a0\u00bb18px\u00a0\u00bb][vc_column_text css=\u00a0\u00bb.vc_custom_1725717834355{margin-top: -35px !important;}\u00a0\u00bb]La jeune fille au pair peut s\u2019occuper \u00e9galement d\u2019autres t\u00e2ches m\u00e9nag\u00e8res l\u00e9g\u00e8res comme convenu avec sa famille d\u2019accueil. Une au pair ne peut que travailler\u00a04 heures par jour et 20 heures maximum par semaine.[\/vc_column_text][vc_empty_space height=\u00a0\u00bb5px\u00a0\u00bb][vc_raw_html]JTNDZGl2JTIwY2xhc3MlM0QlMjJzY19zZWN0aW9uX2J1dHRvbiUyMHNjX2l0ZW1fYnV0dG9uJTIyJTNFJTNDYSUyMGhyZWYlM0QlMjIlMkZmciUyRmZvcm11bGFpcmUtZGluc2NyaXB0aW9uLXBvdXItZmFtaWxsZS1kYWNjdWVpbCUyRiUyMiUyMGNsYXNzJTNEJTIyc2NfYnV0dG9uJTIwc2NfYnV0dG9uX3NxdWFyZSUyMHNjX2J1dHRvbl9zdHlsZV9maWxsZWQlMjBzY19idXR0b25fYmdfc3R5bGVfZ3JhZGllbnQlMjBzY19idXR0b25fc2l6ZV9tZWRpdW0lMjAlMjBzY19idXR0b25faWNvbmVkJTIwaWNvbi1yaWdodCUyMiUzRUlOU0NSSVBUSU9OJTIwQ09NTUUlMjBGQU1JTExFJTIwRCVFMiU4MCU5OUFDQ1VFSUwlM0MlMkZhJTNFJTNDJTJGZGl2JTNF[\/vc_raw_html][\/vc_column][\/vc_row][vc_row][vc_column][\/vc_column][\/vc_row]<\/p>\n","protected":false},"author":1,"featured_media":0,"parent":0,"menu_order":0,"comment_status":"closed","ping_status":"closed","template":"","meta":{"footnotes":""},"class_list":["post-1818","page","type-page","status-publish","hentry"],"yoast_head":"<!-- This site is optimized with the Yoast SEO plugin v25.2 - https:\/\/yoast.com\/wordpress\/plugins\/seo\/ -->\n<title>Famille d\u2019accueil - Au Pair Belgium<\/title>\n<meta name=\"robots\" content=\"index, follow, max-snippet:-1, max-image-preview:large, max-video-preview:-1\" \/>\n<link rel=\"canonical\" href=\"https:\/\/aupairbelgium.be\/fr\/famille-daccueil\/\" \/>\n<meta property=\"og:locale\" content=\"fr_FR\" \/>\n<meta property=\"og:type\" content=\"article\" \/>\n<meta property=\"og:title\" content=\"Famille d\u2019accueil - Au Pair Belgium\" \/>\n<meta property=\"og:description\" content=\"[vc_row][vc_column css=\u00a0\u00bb.vc_custom_1775213426461{margin-top: -60px !important;}\u00a0\u00bb][vc_empty_space height=\u00a0\u00bb18px\u00a0\u00bb][vc_column_text css=\u00a0\u00bb.vc_custom_1725717834355{margin-top: -35px !important;}\u00a0\u00bb]La jeune fille au pair peut s\u2019occuper \u00e9galement d\u2019autres t\u00e2ches m\u00e9nag\u00e8res l\u00e9g\u00e8res comme convenu avec sa famille d\u2019accueil. Une au pair ne peut que travailler\u00a04 heures par jour et 20 heures maximum par semaine.[\/vc_column_text][vc_empty_space height=\u00a0\u00bb5px\u00a0\u00bb][vc_raw_html]JTNDZGl2JTIwY2xhc3MlM0QlMjJzY19zZWN0aW9uX2J1dHRvbiUyMHNjX2l0ZW1fYnV0dG9uJTIyJTNFJTNDYSUyMGhyZWYlM0QlMjIlMkZmciUyRmZvcm11bGFpcmUtZGluc2NyaXB0aW9uLXBvdXItZmFtaWxsZS1kYWNjdWVpbCUyRiUyMiUyMGNsYXNzJTNEJTIyc2NfYnV0dG9uJTIwc2NfYnV0dG9uX3NxdWFyZSUyMHNjX2J1dHRvbl9zdHlsZV9maWxsZWQlMjBzY19idXR0b25fYmdfc3R5bGVfZ3JhZGllbnQlMjBzY19idXR0b25fc2l6ZV9tZWRpdW0lMjAlMjBzY19idXR0b25faWNvbmVkJTIwaWNvbi1yaWdodCUyMiUzRUlOU0NSSVBUSU9OJTIwQ09NTUUlMjBGQU1JTExFJTIwRCVFMiU4MCU5OUFDQ1VFSUwlM0MlMkZhJTNFJTNDJTJGZGl2JTNF[\/vc_raw_html][\/vc_column][\/vc_row][vc_row][vc_column][\/vc_column][\/vc_row]\" \/>\n<meta property=\"og:url\" content=\"https:\/\/aupairbelgium.be\/fr\/famille-daccueil\/\" \/>\n<meta property=\"og:site_name\" content=\"Au Pair Belgium\" \/>\n<meta property=\"article:publisher\" content=\"https:\/\/www.facebook.com\/profile.php?id=100032558066399\" \/>\n<meta property=\"article:modified_time\" content=\"2026-04-03T10:50:29+00:00\" \/>\n<meta name=\"twitter:card\" content=\"summary_large_image\" \/>\n<meta name=\"twitter:label1\" content=\"Dur\u00e9e de lecture estim\u00e9e\" \/>\n\t<meta name=\"twitter:data1\" content=\"2 minutes\" \/>\n<script type=\"application\/ld+json\" class=\"yoast-schema-graph\">{\"@context\":\"https:\/\/schema.org\",\"@graph\":[{\"@type\":\"WebPage\",\"@id\":\"https:\/\/aupairbelgium.be\/fr\/famille-daccueil\/\",\"url\":\"https:\/\/aupairbelgium.be\/fr\/famille-daccueil\/\",\"name\":\"Famille d\u2019accueil - Au Pair Belgium\",\"isPartOf\":{\"@id\":\"https:\/\/aupairbelgium.be\/fr\/#website\"},\"datePublished\":\"2024-03-23T14:06:18+00:00\",\"dateModified\":\"2026-04-03T10:50:29+00:00\",\"breadcrumb\":{\"@id\":\"https:\/\/aupairbelgium.be\/fr\/famille-daccueil\/#breadcrumb\"},\"inLanguage\":\"fr-FR\",\"potentialAction\":[{\"@type\":\"ReadAction\",\"target\":[\"https:\/\/aupairbelgium.be\/fr\/famille-daccueil\/\"]}]},{\"@type\":\"BreadcrumbList\",\"@id\":\"https:\/\/aupairbelgium.be\/fr\/famille-daccueil\/#breadcrumb\",\"itemListElement\":[{\"@type\":\"ListItem\",\"position\":1,\"name\":\"Home\",\"item\":\"https:\/\/aupairbelgium.be\/fr\/\"},{\"@type\":\"ListItem\",\"position\":2,\"name\":\"Famille d\u2019accueil\"}]},{\"@type\":\"WebSite\",\"@id\":\"https:\/\/aupairbelgium.be\/fr\/#website\",\"url\":\"https:\/\/aupairbelgium.be\/fr\/\",\"name\":\"Au Pair Belgium\",\"description\":\"\",\"publisher\":{\"@id\":\"https:\/\/aupairbelgium.be\/fr\/#organization\"},\"potentialAction\":[{\"@type\":\"SearchAction\",\"target\":{\"@type\":\"EntryPoint\",\"urlTemplate\":\"https:\/\/aupairbelgium.be\/fr\/?s={search_term_string}\"},\"query-input\":{\"@type\":\"PropertyValueSpecification\",\"valueRequired\":true,\"valueName\":\"search_term_string\"}}],\"inLanguage\":\"fr-FR\"},{\"@type\":\"Organization\",\"@id\":\"https:\/\/aupairbelgium.be\/fr\/#organization\",\"name\":\"Au Pair Belgium\",\"url\":\"https:\/\/aupairbelgium.be\/fr\/\",\"logo\":{\"@type\":\"ImageObject\",\"inLanguage\":\"fr-FR\",\"@id\":\"https:\/\/aupairbelgium.be\/fr\/#\/schema\/logo\/image\/\",\"url\":\"https:\/\/aupairbelgium.be\/wp-content\/uploads\/2024\/03\/aupair_belgium_horizontal.png\",\"contentUrl\":\"https:\/\/aupairbelgium.be\/wp-content\/uploads\/2024\/03\/aupair_belgium_horizontal.png\",\"width\":1772,\"height\":354,\"caption\":\"Au Pair Belgium\"},\"image\":{\"@id\":\"https:\/\/aupairbelgium.be\/fr\/#\/schema\/logo\/image\/\"},\"sameAs\":[\"https:\/\/www.facebook.com\/profile.php?id=100032558066399\",\"https:\/\/www.instagram.com\/au_pair_belgium\/\"]}]}<\/script>\n<!-- \/ Yoast SEO plugin. -->","yoast_head_json":{"title":"Famille d\u2019accueil - Au Pair Belgium","robots":{"index":"index","follow":"follow","max-snippet":"max-snippet:-1","max-image-preview":"max-image-preview:large","max-video-preview":"max-video-preview:-1"},"canonical":"https:\/\/aupairbelgium.be\/fr\/famille-daccueil\/","og_locale":"fr_FR","og_type":"article","og_title":"Famille d\u2019accueil - Au Pair Belgium","og_description":"[vc_row][vc_column css=\u00a0\u00bb.vc_custom_1775213426461{margin-top: -60px !important;}\u00a0\u00bb][vc_empty_space height=\u00a0\u00bb18px\u00a0\u00bb][vc_column_text css=\u00a0\u00bb.vc_custom_1725717834355{margin-top: -35px !important;}\u00a0\u00bb]La jeune fille au pair peut s\u2019occuper \u00e9galement d\u2019autres t\u00e2ches m\u00e9nag\u00e8res l\u00e9g\u00e8res comme convenu avec sa famille d\u2019accueil. Une au pair ne peut que travailler\u00a04 heures par jour et 20 heures maximum par semaine.[\/vc_column_text][vc_empty_space height=\u00a0\u00bb5px\u00a0\u00bb][vc_raw_html]JTNDZGl2JTIwY2xhc3MlM0QlMjJzY19zZWN0aW9uX2J1dHRvbiUyMHNjX2l0ZW1fYnV0dG9uJTIyJTNFJTNDYSUyMGhyZWYlM0QlMjIlMkZmciUyRmZvcm11bGFpcmUtZGluc2NyaXB0aW9uLXBvdXItZmFtaWxsZS1kYWNjdWVpbCUyRiUyMiUyMGNsYXNzJTNEJTIyc2NfYnV0dG9uJTIwc2NfYnV0dG9uX3NxdWFyZSUyMHNjX2J1dHRvbl9zdHlsZV9maWxsZWQlMjBzY19idXR0b25fYmdfc3R5bGVfZ3JhZGllbnQlMjBzY19idXR0b25fc2l6ZV9tZWRpdW0lMjAlMjBzY19idXR0b25faWNvbmVkJTIwaWNvbi1yaWdodCUyMiUzRUlOU0NSSVBUSU9OJTIwQ09NTUUlMjBGQU1JTExFJTIwRCVFMiU4MCU5OUFDQ1VFSUwlM0MlMkZhJTNFJTNDJTJGZGl2JTNF[\/vc_raw_html][\/vc_column][\/vc_row][vc_row][vc_column][\/vc_column][\/vc_row]","og_url":"https:\/\/aupairbelgium.be\/fr\/famille-daccueil\/","og_site_name":"Au Pair Belgium","article_publisher":"https:\/\/www.facebook.com\/profile.php?id=100032558066399","article_modified_time":"2026-04-03T10:50:29+00:00","twitter_card":"summary_large_image","twitter_misc":{"Dur\u00e9e de lecture estim\u00e9e":"2 minutes"},"schema":{"@context":"https:\/\/schema.org","@graph":[{"@type":"WebPage","@id":"https:\/\/aupairbelgium.be\/fr\/famille-daccueil\/","url":"https:\/\/aupairbelgium.be\/fr\/famille-daccueil\/","name":"Famille d\u2019accueil - Au Pair Belgium","isPartOf":{"@id":"https:\/\/aupairbelgium.be\/fr\/#website"},"datePublished":"2024-03-23T14:06:18+00:00","dateModified":"2026-04-03T10:50:29+00:00","breadcrumb":{"@id":"https:\/\/aupairbelgium.be\/fr\/famille-daccueil\/#breadcrumb"},"inLanguage":"fr-FR","potentialAction":[{"@type":"ReadAction","target":["https:\/\/aupairbelgium.be\/fr\/famille-daccueil\/"]}]},{"@type":"BreadcrumbList","@id":"https:\/\/aupairbelgium.be\/fr\/famille-daccueil\/#breadcrumb","itemListElement":[{"@type":"ListItem","position":1,"name":"Home","item":"https:\/\/aupairbelgium.be\/fr\/"},{"@type":"ListItem","position":2,"name":"Famille d\u2019accueil"}]},{"@type":"WebSite","@id":"https:\/\/aupairbelgium.be\/fr\/#website","url":"https:\/\/aupairbelgium.be\/fr\/","name":"Au Pair Belgium","description":"","publisher":{"@id":"https:\/\/aupairbelgium.be\/fr\/#organization"},"potentialAction":[{"@type":"SearchAction","target":{"@type":"EntryPoint","urlTemplate":"https:\/\/aupairbelgium.be\/fr\/?s={search_term_string}"},"query-input":{"@type":"PropertyValueSpecification","valueRequired":true,"valueName":"search_term_string"}}],"inLanguage":"fr-FR"},{"@type":"Organization","@id":"https:\/\/aupairbelgium.be\/fr\/#organization","name":"Au Pair Belgium","url":"https:\/\/aupairbelgium.be\/fr\/","logo":{"@type":"ImageObject","inLanguage":"fr-FR","@id":"https:\/\/aupairbelgium.be\/fr\/#\/schema\/logo\/image\/","url":"https:\/\/aupairbelgium.be\/wp-content\/uploads\/2024\/03\/aupair_belgium_horizontal.png","contentUrl":"https:\/\/aupairbelgium.be\/wp-content\/uploads\/2024\/03\/aupair_belgium_horizontal.png","width":1772,"height":354,"caption":"Au Pair Belgium"},"image":{"@id":"https:\/\/aupairbelgium.be\/fr\/#\/schema\/logo\/image\/"},"sameAs":["https:\/\/www.facebook.com\/profile.php?id=100032558066399","https:\/\/www.instagram.com\/au_pair_belgium\/"]}]}},"_links":{"self":[{"href":"https:\/\/aupairbelgium.be\/fr\/wp-json\/wp\/v2\/pages\/1818","targetHints":{"allow":["GET"]}}],"collection":[{"href":"https:\/\/aupairbelgium.be\/fr\/wp-json\/wp\/v2\/pages"}],"about":[{"href":"https:\/\/aupairbelgium.be\/fr\/wp-json\/wp\/v2\/types\/page"}],"author":[{"embeddable":true,"href":"https:\/\/aupairbelgium.be\/fr\/wp-json\/wp\/v2\/users\/1"}],"replies":[{"embeddable":true,"href":"https:\/\/aupairbelgium.be\/fr\/wp-json\/wp\/v2\/comments?post=1818"}],"version-history":[{"count":6,"href":"https:\/\/aupairbelgium.be\/fr\/wp-json\/wp\/v2\/pages\/1818\/revisions"}],"predecessor-version":[{"id":2069,"href":"https:\/\/aupairbelgium.be\/fr\/wp-json\/wp\/v2\/pages\/1818\/revisions\/2069"}],"wp:attachment":[{"href":"https:\/\/aupairbelgium.be\/fr\/wp-json\/wp\/v2\/media?parent=1818"}],"curies":[{"name":"wp","href":"https:\/\/api.w.org\/{rel}","templated":true}]}}