{"id":1771,"date":"2024-03-23T14:45:22","date_gmt":"2024-03-23T14:45:22","guid":{"rendered":"https:\/\/itcreation-test.site\/nos-services\/"},"modified":"2026-04-03T10:31:44","modified_gmt":"2026-04-03T10:31:44","slug":"nos-services","status":"publish","type":"page","link":"https:\/\/aupairbelgium.be\/fr\/nos-services\/","title":{"rendered":"Nos services"},"content":{"rendered":"<section class=\"wpb-content-wrapper\"><p>[vc_row][vc_column][vc_empty_space height=\u00a0\u00bb5px\u00a0\u00bb]<div class=\"sc_section margin_top_medium margin_bottom_large\"><div class=\"sc_section_inner\"><h2 class=\"sc_section_title sc_item_title\">Nos services<\/h2><h6 class=\"sc_section_subtitle sc_item_subtitle\">Au Pair Belgium assiste les familles d\u2019accueil et les au pairs avec les 3 \u00e9tapes d\u2019un placement. Voici les 3 \u00e9tapes d\u2019un placement :<\/h6><div class=\"sc_section_content_wrap\"><\/div><\/div><\/div><div class=\"sc_number aligncenter\"><span class=\"sc_number_item\">1<\/span><\/div><div class=\"sc_section margin_top_null\" style=\"font-size:20px; line-height: 1.3em;\"><div class=\"sc_section_inner\"><h6 class=\"sc_section_subtitle sc_item_subtitle\">Recrutement et s\u00e9lection<\/h6><div class=\"sc_section_descr sc_item_descr\">Nous \u00e9coutons attentivement vos attentes et partons \u00e0 la recherche de la jeune fille au pair qui correspond parfaitement \u00e0 vos exigences.<\/p>\n<p>Nous recrutons principalement des jeunes filles au pair non-europ\u00e9ennes et collaborons par exemple avec la Tha\u00eflande, l\u2019Indon\u00e9sie, l\u2019Argentine, la Colombie, le Mexique, le Br\u00e9sil, l\u2019Afrique du Sud et le Madagascar.<\/p>\n<p>Chaque candidat au pair pr\u00e9voit une vid\u00e9o de pr\u00e9sentation int\u00e9ressante, une lettre de motivation, au moins 3 r\u00e9f\u00e9rences au niveau de son exp\u00e9rience dans la garde d\u2019enfants et de sa personalit\u00e9, une copie de son dipl\u00f4me, un album de photos et copie de son passeport.<\/p>\n<p>Nous v\u00e9rifions si la jeune fille au pair poss\u00e8de un casier judiciaire vierge et si il\/elle est en bonne sant\u00e9 pour devenir au pair.<\/p>\n<p>Lorsque vous avez v\u00e9rifi\u00e9 le dossier des candidates, nous organisons une entrevue. Lors de cette entrevue vous pouvez faire connaissance avec les candidates au pair, pr\u00e9senter votre famille et \u00e9changer toute information utile. Nous assistons chaque famille d\u2019accueil lors du recrutement et mettons \u00e0 disposition des consignes utiles.<\/p>\n<p>Lorsque vous avez choisi votre jeune fille au pair, nous lan\u00e7ons la proc\u00e9dure de placement.<\/div><div class=\"sc_section_content_wrap\"><\/div><\/div><\/div><div class=\"sc_number aligncenter\"><span class=\"sc_number_item\">2<\/span><\/div><div class=\"sc_section margin_top_null\" style=\"font-size:20px; line-height: 1.3em;\"><div class=\"sc_section_inner\"><h6 class=\"sc_section_subtitle sc_item_subtitle\">Proc\u00e9dure de placement<\/h6><div class=\"sc_section_content_wrap\">[vc_column_text css=\u00a0\u00bb.vc_custom_1726404441928{margin-bottom: 2.5em !important;}\u00a0\u00bb]<\/p>\n<div class=\"sc_section_descr sc_item_descr\">\n<p>Nous rassemblons les documents requis pour la demande du permis de travail et du visa de longue dur\u00e9e.<\/p>\n<p>Nous d\u00e9posons la demande aupr\u00e8s des autorit\u00e9s comp\u00e9tentes et surveillons le bon suivi du dossier de sorte que la jeune fille au pair arrive dans votre famille dans les meilleurs d\u00e9lais possibles.<\/p>\n<p>Nous souscrivons une assurance m\u00e9dical pour la jeune fille au pair et inscrivons la jeune fille au pair dans des cours de langues.<\/p>\n<p>La proc\u00e9dure prend en total environ 3 \u00e0 4 mois.<br \/>\nPrenez <a style=\"color: #ffa5c2;\" href=\"\/fr\/contact\/\">contact<\/a> avec nous si vous souhaitez avoir plus d\u2019information sur nos services.<\/div>\n<p>[\/vc_column_text]<\/div><\/div><\/div><div class=\"sc_number aligncenter\"><span class=\"sc_number_item\">3<\/span><\/div><div class=\"sc_section margin_top_null\" style=\"font-size:20px; line-height: 1.3em;\"><div class=\"sc_section_inner\"><h6 class=\"sc_section_subtitle sc_item_subtitle\">After Care<\/h6><div class=\"sc_section_content_wrap\">[vc_column_text css=\u00a0\u00bb.vc_custom_1726404457781{margin-bottom: 2.5em !important;}\u00a0\u00bb]<\/p>\n<div class=\"sc_section_descr sc_item_descr\">\n<p>Plus que 98% de nos placements sont une vraie r\u00e9ussite.<\/p>\n<p>Apr\u00e8s l\u2019arriv\u00e9e de votre jeune fille au pair, nous restons \u00e0 votre disposition 24\/7 si vous avez des questions.<\/p>\n<p>Nous restons \u00e9galement \u00e0 disposition de la jeune fille au pair pendant son s\u00e9jour en Belgique.<\/p>\n<p>Nous organisons des <a style=\"color: #ffa5c2;\" href=\"\/fr\/evenements\">\u00e9v\u00e9nements<\/a> pour nos au pairs et font de sorte qu\u2019ils s\u2019int\u00e8grent facilement.<\/p>\n<p>Nous offrons de la m\u00e9diation et du coaching sur demande et pouvons vous assister \u00e0 trouver la meilleure solution s\u2019il y a un probl\u00e8me.<\/p>\n<p>Si n\u00e9cessaire, nous vous assistons avec la terminaison du placement, nous cherchons une nouvelle famille d\u2019accueil pour la jeune fille au pair ou nous rempla\u00e7ons votre jeune fille au pair conform\u00e9ment \u00e0 notre politique de re-match.<\/p><\/div>\n<p>[\/vc_column_text]<\/div><\/div><\/div>[vc_empty_space height=\u00a0\u00bb5px\u00a0\u00bb][\/vc_column][\/vc_row][vc_row full_width=\u00a0\u00bbstretch_row\u00a0\u00bb css=\u00a0\u00bb.vc_custom_1719254056608{background-color: #5e2f89 !important;}\u00a0\u00bb][vc_column]<div class=\"sc_section margin_top_huge margin_bottom_huge scheme_dark\"><div class=\"sc_section_inner\"><div class=\"sc_section_content_wrap\"><h2 class=\"sc_title sc_title_regular sc_align_center\" style=\"text-align:center;color:#ffffff;font-size:25px;\">Co\u00fbts relatifs \u00e0 la proc\u00e9dure de placement<\/h2>[vc_column_text]<\/p>\n<h6 class=\"sc_section_subtitle sc_item_subtitle\" style=\"color: white !important;\">A c\u00f4t\u00e9 de l\u2019argent de poche mensuel de 450 euros de la jeune fille au pair, la famille d\u2019accueil prend les co\u00fbts suivants en charge:<\/h6>\n<p>[\/vc_column_text]<div class=\"columns_wrap sc_columns columns_nofluid sc_columns_count_6 margin_top_medium margin_bottom_medium\"><div class=\"column-1_6 sc_column_item sc_column_item_1 odd first\"><\/div><div class=\"column-2_6 sc_column_item sc_column_item_2 even span_2\"><ul class=\"sc_list sc_list_style_iconed\"><li class=\"sc_list_item odd first\" style=\"color:#ffffff;\" title=\"frais d\u2019inscription aux cours de langues dans une \u00e9cole de langue reconnue,\"><span class=\"sc_list_icon icon-check-mark-apa\"><\/span>frais d\u2019inscription aux cours de langues dans une \u00e9cole de langue reconnue,<\/li><li class=\"sc_list_item even\" style=\"color:#ffffff;\" title=\"frais de visa,\"><span class=\"sc_list_icon icon-check-mark-apa\"><\/span>frais de visa,<\/li><li class=\"sc_list_item odd\" style=\"color:#ffffff;\" title=\"prime d\u2019assurance qui couvre les frais m\u00e9dical, d\u2019hospitalisation et de rapatriement,\"><span class=\"sc_list_icon icon-check-mark-apa\"><\/span>prime d\u2019assurance qui couvre les frais m\u00e9dical, d\u2019hospitalisation et de rapatriement,<\/li><\/ul><\/div><div class=\"column-2_6 sc_column_item sc_column_item_4 even span_2 after_span_2\"><ul class=\"sc_list sc_list_style_iconed\"><li class=\"sc_list_item odd first\" style=\"color:#ffffff;\" title=\"La plupart des familles d\u2019accueil prennent une partie des frais des billets d\u2019avion en charge;\"><span class=\"sc_list_icon icon-check-mark-apa\"><\/span>La plupart des familles d\u2019accueil prennent une partie des frais des billets d\u2019avion en charge;<\/li><li class=\"sc_list_item even\" style=\"color:#ffffff;\" title=\"commission de placement pour nos services.\"><span class=\"sc_list_icon icon-check-mark-apa\"><\/span>commission de placement pour nos services.<\/li><\/ul><\/div><div class=\"column-1_6 sc_column_item sc_column_item_6 even after_span_2\"><\/div><\/div><\/div><\/div><\/div>[vc_column_text css=\u00a0\u00bb.vc_custom_1726404469229{margin-top: -50px !important;margin-bottom: 30px !important;}\u00a0\u00bb]<\/p>\n<p style=\"text-align: center; color: white;\">Prenez <a style=\"color: #ffa5c2;\" href=\"\/fr\/contact\/\">contact<\/a> avec nous si vous souhaitez recevoir plus d\u2019information sur nos services de placement.<\/p>\n<p>[\/vc_column_text][\/vc_column][\/vc_row][vc_row][vc_column][vc_empty_space height=\u00a0\u00bb18px\u00a0\u00bb]<div class=\"sc_section margin_top_huge margin_bottom_medium\"><div class=\"sc_section_inner\"><h6 class=\"sc_section_subtitle sc_item_subtitle\">Qui sommes-nous ?<\/h6><div class=\"sc_section_descr sc_item_descr\">Depuis 2010 Marie-Christine Rombouts dirige Au Pair Belgium avec beaucoup de passion et d\u00e9vouement.<\/p>\n<p>Avant qu\u2019elle a fond\u00e9 Au Pair Belgium, elle \u00e9tait avocate et en charge du d\u00e9partement juridique de quelques soci\u00e9t\u00e9s pendant 10 ans.<\/p>\n<p>Son changement de carri\u00e8re suite \u00e0 la fondation d\u2019Au Pair Belgium est sans doute une des meilleures d\u00e9cisions qu\u2019elle a pris.<\/p>\n<p>La stimulation d\u2019\u00e9change culturel est le coeur de la mission de notre agence de placement de jeune filles au pair. Chaque \u00e9change culturel est un r\u00e9el enrichissement aussi bien pour la famille d\u2019accueil que pour la jeune fille au pair.<\/p>\n<p>A cette fin, nous recrutons les filles au pairs les plus appropri\u00e9es et nous v\u00e9rifions si la famille d\u2019accueil et la fille au pair ont la bonne motivation.<\/p>\n<p>Nous vous accompagnons dans les proc\u00e9dures administratives et suivons ces d\u00e9marches de pr\u00e8s de sorte que vous puissiez accueillir votre jeune fille au pair dans les meilleurs d\u00e9lais possibles et de fa\u00e7on l\u00e9gale.<\/div><div class=\"sc_section_content_wrap\"><\/div><\/div><\/div><div class=\"sc_section margin_top_null margin_bottom_huge\" style=\"font-size:15px; line-height: 1.3em;\"><div class=\"sc_section_inner\"><div class=\"sc_section_content_wrap\">[vc_column_text css=\u00a0\u00bb.vc_custom_1725623995703{margin-bottom: 2.5em !important;}\u00a0\u00bb]<\/p>\n<div class=\"sc_section_descr sc_item_descr\" style=\"color: #5e2f89! important;\"><i>\u201cJuriste et maman active de deux filles, notre famille a fait appel \u00e0 des jeunes filles au pair depuis de nombreuses ann\u00e9es pour nous \u00e9pauler dans la garde de nos enfants. Chaque ann\u00e9e, nous avons accueilli une nouvelle jeune fille au pair dans notre m\u00e9nage et d\u00e9couvert une autre culture.<br \/>\nEntretemps, nos enfants parlent couramment le fran\u00e7ais, le n\u00e9erlandais ainsi que l\u2019anglais. Notre au pair s\u2019int\u00e8gre facilement gr\u00e2ce \u00e0 une communication ouverte et une confiance mutuelle.<br \/>\n<strong>Cette solution de garde d\u2019enfants est in\u00e9vitablement un d\u00e9fi et en m\u00eame temps culturellement tr\u00e8s enrichissant.\u201d<\/strong>\u201d <\/i><\/div>\n<p>[\/vc_column_text][vc_single_image image=\u00a0\u00bb1929&Prime; img_size=\u00a0\u00bblarge\u00a0\u00bb alignment=\u00a0\u00bbcenter\u00a0\u00bb]<\/div><\/div><\/div>[vc_empty_space height=\u00a0\u00bb5px\u00a0\u00bb][\/vc_column][\/vc_row][vc_row][vc_column][\/vc_column][\/vc_row]<\/p>\n<\/section>","protected":false},"excerpt":{"rendered":"<p>[vc_row][vc_column][vc_empty_space height=\u00a0\u00bb5px\u00a0\u00bb][vc_empty_space height=\u00a0\u00bb5px\u00a0\u00bb][\/vc_column][\/vc_row][vc_row full_width=\u00a0\u00bbstretch_row\u00a0\u00bb css=\u00a0\u00bb.vc_custom_1719254056608{background-color: #5e2f89 !important;}\u00a0\u00bb][vc_column][vc_column_text css=\u00a0\u00bb.vc_custom_1726404469229{margin-top: -50px !important;margin-bottom: 30px !important;}\u00a0\u00bb] Prenez contact avec nous si vous souhaitez recevoir plus d\u2019information sur nos services de placement. [\/vc_column_text][\/vc_column][\/vc_row][vc_row][vc_column][vc_empty_space height=\u00a0\u00bb18px\u00a0\u00bb][vc_empty_space height=\u00a0\u00bb5px\u00a0\u00bb][\/vc_column][\/vc_row][vc_row][vc_column][\/vc_column][\/vc_row]<\/p>\n","protected":false},"author":1,"featured_media":0,"parent":0,"menu_order":0,"comment_status":"closed","ping_status":"closed","template":"","meta":{"footnotes":""},"class_list":["post-1771","page","type-page","status-publish","hentry"],"yoast_head":"<!-- This site is optimized with the Yoast SEO plugin v25.2 - https:\/\/yoast.com\/wordpress\/plugins\/seo\/ -->\n<title>Nos services - Au Pair Belgium<\/title>\n<meta name=\"robots\" content=\"index, follow, max-snippet:-1, max-image-preview:large, max-video-preview:-1\" \/>\n<link rel=\"canonical\" href=\"https:\/\/aupairbelgium.be\/fr\/nos-services\/\" \/>\n<meta property=\"og:locale\" content=\"fr_FR\" \/>\n<meta property=\"og:type\" content=\"article\" \/>\n<meta property=\"og:title\" content=\"Nos services - Au Pair Belgium\" \/>\n<meta property=\"og:description\" content=\"[vc_row][vc_column][vc_empty_space height=\u00a0\u00bb5px\u00a0\u00bb][vc_empty_space height=\u00a0\u00bb5px\u00a0\u00bb][\/vc_column][\/vc_row][vc_row full_width=\u00a0\u00bbstretch_row\u00a0\u00bb css=\u00a0\u00bb.vc_custom_1719254056608{background-color: #5e2f89 !important;}\u00a0\u00bb][vc_column][vc_column_text css=\u00a0\u00bb.vc_custom_1726404469229{margin-top: -50px !important;margin-bottom: 30px !important;}\u00a0\u00bb] Prenez contact avec nous si vous souhaitez recevoir plus d\u2019information sur nos services de placement. [\/vc_column_text][\/vc_column][\/vc_row][vc_row][vc_column][vc_empty_space height=\u00a0\u00bb18px\u00a0\u00bb][vc_empty_space height=\u00a0\u00bb5px\u00a0\u00bb][\/vc_column][\/vc_row][vc_row][vc_column][\/vc_column][\/vc_row]\" \/>\n<meta property=\"og:url\" content=\"https:\/\/aupairbelgium.be\/fr\/nos-services\/\" \/>\n<meta property=\"og:site_name\" content=\"Au Pair Belgium\" \/>\n<meta property=\"article:publisher\" content=\"https:\/\/www.facebook.com\/profile.php?id=100032558066399\" \/>\n<meta property=\"article:modified_time\" content=\"2026-04-03T10:31:44+00:00\" \/>\n<meta name=\"twitter:card\" content=\"summary_large_image\" \/>\n<meta name=\"twitter:label1\" content=\"Dur\u00e9e de lecture estim\u00e9e\" \/>\n\t<meta name=\"twitter:data1\" content=\"5 minutes\" \/>\n<script type=\"application\/ld+json\" class=\"yoast-schema-graph\">{\"@context\":\"https:\/\/schema.org\",\"@graph\":[{\"@type\":\"WebPage\",\"@id\":\"https:\/\/aupairbelgium.be\/fr\/nos-services\/\",\"url\":\"https:\/\/aupairbelgium.be\/fr\/nos-services\/\",\"name\":\"Nos services - Au Pair Belgium\",\"isPartOf\":{\"@id\":\"https:\/\/aupairbelgium.be\/fr\/#website\"},\"datePublished\":\"2024-03-23T14:45:22+00:00\",\"dateModified\":\"2026-04-03T10:31:44+00:00\",\"breadcrumb\":{\"@id\":\"https:\/\/aupairbelgium.be\/fr\/nos-services\/#breadcrumb\"},\"inLanguage\":\"fr-FR\",\"potentialAction\":[{\"@type\":\"ReadAction\",\"target\":[\"https:\/\/aupairbelgium.be\/fr\/nos-services\/\"]}]},{\"@type\":\"BreadcrumbList\",\"@id\":\"https:\/\/aupairbelgium.be\/fr\/nos-services\/#breadcrumb\",\"itemListElement\":[{\"@type\":\"ListItem\",\"position\":1,\"name\":\"Home\",\"item\":\"https:\/\/aupairbelgium.be\/fr\/\"},{\"@type\":\"ListItem\",\"position\":2,\"name\":\"Nos services\"}]},{\"@type\":\"WebSite\",\"@id\":\"https:\/\/aupairbelgium.be\/fr\/#website\",\"url\":\"https:\/\/aupairbelgium.be\/fr\/\",\"name\":\"Au Pair Belgium\",\"description\":\"\",\"publisher\":{\"@id\":\"https:\/\/aupairbelgium.be\/fr\/#organization\"},\"potentialAction\":[{\"@type\":\"SearchAction\",\"target\":{\"@type\":\"EntryPoint\",\"urlTemplate\":\"https:\/\/aupairbelgium.be\/fr\/?s={search_term_string}\"},\"query-input\":{\"@type\":\"PropertyValueSpecification\",\"valueRequired\":true,\"valueName\":\"search_term_string\"}}],\"inLanguage\":\"fr-FR\"},{\"@type\":\"Organization\",\"@id\":\"https:\/\/aupairbelgium.be\/fr\/#organization\",\"name\":\"Au Pair Belgium\",\"url\":\"https:\/\/aupairbelgium.be\/fr\/\",\"logo\":{\"@type\":\"ImageObject\",\"inLanguage\":\"fr-FR\",\"@id\":\"https:\/\/aupairbelgium.be\/fr\/#\/schema\/logo\/image\/\",\"url\":\"https:\/\/aupairbelgium.be\/wp-content\/uploads\/2024\/03\/aupair_belgium_horizontal.png\",\"contentUrl\":\"https:\/\/aupairbelgium.be\/wp-content\/uploads\/2024\/03\/aupair_belgium_horizontal.png\",\"width\":1772,\"height\":354,\"caption\":\"Au Pair Belgium\"},\"image\":{\"@id\":\"https:\/\/aupairbelgium.be\/fr\/#\/schema\/logo\/image\/\"},\"sameAs\":[\"https:\/\/www.facebook.com\/profile.php?id=100032558066399\",\"https:\/\/www.instagram.com\/au_pair_belgium\/\"]}]}<\/script>\n<!-- \/ Yoast SEO plugin. -->","yoast_head_json":{"title":"Nos services - Au Pair Belgium","robots":{"index":"index","follow":"follow","max-snippet":"max-snippet:-1","max-image-preview":"max-image-preview:large","max-video-preview":"max-video-preview:-1"},"canonical":"https:\/\/aupairbelgium.be\/fr\/nos-services\/","og_locale":"fr_FR","og_type":"article","og_title":"Nos services - Au Pair Belgium","og_description":"[vc_row][vc_column][vc_empty_space height=\u00a0\u00bb5px\u00a0\u00bb][vc_empty_space height=\u00a0\u00bb5px\u00a0\u00bb][\/vc_column][\/vc_row][vc_row full_width=\u00a0\u00bbstretch_row\u00a0\u00bb css=\u00a0\u00bb.vc_custom_1719254056608{background-color: #5e2f89 !important;}\u00a0\u00bb][vc_column][vc_column_text css=\u00a0\u00bb.vc_custom_1726404469229{margin-top: -50px !important;margin-bottom: 30px !important;}\u00a0\u00bb] Prenez contact avec nous si vous souhaitez recevoir plus d\u2019information sur nos services de placement. [\/vc_column_text][\/vc_column][\/vc_row][vc_row][vc_column][vc_empty_space height=\u00a0\u00bb18px\u00a0\u00bb][vc_empty_space height=\u00a0\u00bb5px\u00a0\u00bb][\/vc_column][\/vc_row][vc_row][vc_column][\/vc_column][\/vc_row]","og_url":"https:\/\/aupairbelgium.be\/fr\/nos-services\/","og_site_name":"Au Pair Belgium","article_publisher":"https:\/\/www.facebook.com\/profile.php?id=100032558066399","article_modified_time":"2026-04-03T10:31:44+00:00","twitter_card":"summary_large_image","twitter_misc":{"Dur\u00e9e de lecture estim\u00e9e":"5 minutes"},"schema":{"@context":"https:\/\/schema.org","@graph":[{"@type":"WebPage","@id":"https:\/\/aupairbelgium.be\/fr\/nos-services\/","url":"https:\/\/aupairbelgium.be\/fr\/nos-services\/","name":"Nos services - Au Pair Belgium","isPartOf":{"@id":"https:\/\/aupairbelgium.be\/fr\/#website"},"datePublished":"2024-03-23T14:45:22+00:00","dateModified":"2026-04-03T10:31:44+00:00","breadcrumb":{"@id":"https:\/\/aupairbelgium.be\/fr\/nos-services\/#breadcrumb"},"inLanguage":"fr-FR","potentialAction":[{"@type":"ReadAction","target":["https:\/\/aupairbelgium.be\/fr\/nos-services\/"]}]},{"@type":"BreadcrumbList","@id":"https:\/\/aupairbelgium.be\/fr\/nos-services\/#breadcrumb","itemListElement":[{"@type":"ListItem","position":1,"name":"Home","item":"https:\/\/aupairbelgium.be\/fr\/"},{"@type":"ListItem","position":2,"name":"Nos services"}]},{"@type":"WebSite","@id":"https:\/\/aupairbelgium.be\/fr\/#website","url":"https:\/\/aupairbelgium.be\/fr\/","name":"Au Pair Belgium","description":"","publisher":{"@id":"https:\/\/aupairbelgium.be\/fr\/#organization"},"potentialAction":[{"@type":"SearchAction","target":{"@type":"EntryPoint","urlTemplate":"https:\/\/aupairbelgium.be\/fr\/?s={search_term_string}"},"query-input":{"@type":"PropertyValueSpecification","valueRequired":true,"valueName":"search_term_string"}}],"inLanguage":"fr-FR"},{"@type":"Organization","@id":"https:\/\/aupairbelgium.be\/fr\/#organization","name":"Au Pair Belgium","url":"https:\/\/aupairbelgium.be\/fr\/","logo":{"@type":"ImageObject","inLanguage":"fr-FR","@id":"https:\/\/aupairbelgium.be\/fr\/#\/schema\/logo\/image\/","url":"https:\/\/aupairbelgium.be\/wp-content\/uploads\/2024\/03\/aupair_belgium_horizontal.png","contentUrl":"https:\/\/aupairbelgium.be\/wp-content\/uploads\/2024\/03\/aupair_belgium_horizontal.png","width":1772,"height":354,"caption":"Au Pair Belgium"},"image":{"@id":"https:\/\/aupairbelgium.be\/fr\/#\/schema\/logo\/image\/"},"sameAs":["https:\/\/www.facebook.com\/profile.php?id=100032558066399","https:\/\/www.instagram.com\/au_pair_belgium\/"]}]}},"_links":{"self":[{"href":"https:\/\/aupairbelgium.be\/fr\/wp-json\/wp\/v2\/pages\/1771","targetHints":{"allow":["GET"]}}],"collection":[{"href":"https:\/\/aupairbelgium.be\/fr\/wp-json\/wp\/v2\/pages"}],"about":[{"href":"https:\/\/aupairbelgium.be\/fr\/wp-json\/wp\/v2\/types\/page"}],"author":[{"embeddable":true,"href":"https:\/\/aupairbelgium.be\/fr\/wp-json\/wp\/v2\/users\/1"}],"replies":[{"embeddable":true,"href":"https:\/\/aupairbelgium.be\/fr\/wp-json\/wp\/v2\/comments?post=1771"}],"version-history":[{"count":6,"href":"https:\/\/aupairbelgium.be\/fr\/wp-json\/wp\/v2\/pages\/1771\/revisions"}],"predecessor-version":[{"id":2059,"href":"https:\/\/aupairbelgium.be\/fr\/wp-json\/wp\/v2\/pages\/1771\/revisions\/2059"}],"wp:attachment":[{"href":"https:\/\/aupairbelgium.be\/fr\/wp-json\/wp\/v2\/media?parent=1771"}],"curies":[{"name":"wp","href":"https:\/\/api.w.org\/{rel}","templated":true}]}}